{"id":1106,"date":"2024-09-22T09:58:17","date_gmt":"2024-09-22T07:58:17","guid":{"rendered":"https:\/\/echosdescene.fr\/?page_id=1106"},"modified":"2025-02-23T19:34:33","modified_gmt":"2025-02-23T18:34:33","slug":"amis-de-la-troupe","status":"publish","type":"page","link":"https:\/\/echosdescene.fr\/index.php\/amis-de-la-troupe\/","title":{"rendered":"Amis de la troupe"},"content":{"rendered":"\t\t<div data-elementor-type=\"wp-page\" data-elementor-id=\"1106\" class=\"elementor elementor-1106\">\n\t\t\t\t\t\t<section class=\"elementor-section elementor-top-section elementor-element elementor-element-5210004 elementor-section-boxed elementor-section-height-default elementor-section-height-default\" data-id=\"5210004\" data-element_type=\"section\" data-e-type=\"section\">\n\t\t\t\t\t\t<div class=\"elementor-container elementor-column-gap-default\">\n\t\t\t\t\t<div class=\"elementor-column elementor-col-100 elementor-top-column elementor-element elementor-element-6df15b5\" data-id=\"6df15b5\" data-element_type=\"column\" data-e-type=\"column\">\n\t\t\t<div class=\"elementor-widget-wrap elementor-element-populated\">\n\t\t\t\t\t\t<div class=\"elementor-element elementor-element-8c5686d elementor-widget elementor-widget-heading\" data-id=\"8c5686d\" data-element_type=\"widget\" data-e-type=\"widget\" data-widget_type=\"heading.default\">\n\t\t\t\t<div class=\"elementor-widget-container\">\n\t\t\t\t\t<h2 class=\"elementor-heading-title elementor-size-default\">Amis de la troupe<\/h2>\t\t\t\t<\/div>\n\t\t\t\t<\/div>\n\t\t\t\t<div class=\"elementor-element elementor-element-42eccec elementor-widget elementor-widget-spacer\" data-id=\"42eccec\" data-element_type=\"widget\" data-e-type=\"widget\" data-widget_type=\"spacer.default\">\n\t\t\t\t<div class=\"elementor-widget-container\">\n\t\t\t\t\t\t\t<div class=\"elementor-spacer\">\n\t\t\t<div class=\"elementor-spacer-inner\"><\/div>\n\t\t<\/div>\n\t\t\t\t\t\t<\/div>\n\t\t\t\t<\/div>\n\t\t\t\t\t<\/div>\n\t\t<\/div>\n\t\t\t\t\t<\/div>\n\t\t<\/section>\n\t\t\t\t<section class=\"elementor-section elementor-top-section elementor-element elementor-element-c735ea9 elementor-section-boxed elementor-section-height-default elementor-section-height-default\" data-id=\"c735ea9\" data-element_type=\"section\" data-e-type=\"section\">\n\t\t\t\t\t\t<div class=\"elementor-container elementor-column-gap-default\">\n\t\t\t\t\t<div class=\"elementor-column elementor-col-100 elementor-top-column elementor-element elementor-element-08b602b\" data-id=\"08b602b\" data-element_type=\"column\" data-e-type=\"column\">\n\t\t\t<div class=\"elementor-widget-wrap elementor-element-populated\">\n\t\t\t\t\t\t<div class=\"elementor-element elementor-element-7bfd357 elementor-widget elementor-widget-heading\" data-id=\"7bfd357\" data-element_type=\"widget\" data-e-type=\"widget\" data-widget_type=\"heading.default\">\n\t\t\t\t<div class=\"elementor-widget-container\">\n\t\t\t\t\t<h4 class=\"elementor-heading-title elementor-size-default\">Donateurs bien-aim\u00e9s<\/h4>\t\t\t\t<\/div>\n\t\t\t\t<\/div>\n\t\t\t\t\t<\/div>\n\t\t<\/div>\n\t\t\t\t\t<\/div>\n\t\t<\/section>\n\t\t\t\t<section class=\"elementor-section elementor-top-section elementor-element elementor-element-00537ae elementor-section-boxed elementor-section-height-default elementor-section-height-default\" data-id=\"00537ae\" data-element_type=\"section\" data-e-type=\"section\">\n\t\t\t\t\t\t<div class=\"elementor-container elementor-column-gap-default\">\n\t\t\t\t\t<div class=\"elementor-column elementor-col-100 elementor-top-column elementor-element elementor-element-7abc781\" data-id=\"7abc781\" data-element_type=\"column\" data-e-type=\"column\">\n\t\t\t<div class=\"elementor-widget-wrap elementor-element-populated\">\n\t\t\t\t\t\t<div class=\"elementor-element elementor-element-ab9c9fd elementor-widget elementor-widget-text-editor\" data-id=\"ab9c9fd\" data-element_type=\"widget\" data-e-type=\"widget\" data-widget_type=\"text-editor.default\">\n\t\t\t\t<div class=\"elementor-widget-container\">\n\t\t\t\t\t\t\t\t\t<p style=\"text-align: center;\">Christian ALLANIC<\/p><p style=\"text-align: center;\">Harmonie\u00a0BLASI<\/p><p style=\"text-align: center;\">Claire BULTEAU<\/p><p style=\"text-align: center;\">Lo\u00efc CHAILLOU<\/p><p style=\"text-align: center;\">Marta DA COSTA<\/p><p style=\"text-align: center;\">Emilie DE OLIVEIRA<\/p><p style=\"text-align: center;\">Aline DUFOUR<\/p><p style=\"text-align: center;\">Jean-Claude DUVAL<\/p><p style=\"text-align: center;\">Stephanie\u00a0ESNARD<\/p><p style=\"text-align: center;\">Valerie FOURNIER<\/p><p style=\"text-align: center;\">Bruno FRADET<\/p><p style=\"text-align: center;\">C\u00e9line GALLICHER<\/p><p style=\"text-align: center;\">Maryl\u00e8ne GLEMIN<\/p><p style=\"text-align: center;\">Ludivine GU\u00c9NARD<\/p><p style=\"text-align: center;\">Solange HEBRARD<\/p><p style=\"text-align: center;\">Cort JAVIER<\/p><p style=\"text-align: center;\">Edith et Marcel\u00a0LEDOUX<\/p><p style=\"text-align: center;\">Elisabeth LE GALL<\/p><p style=\"text-align: center;\">Pierre LE GUIFF<\/p><p style=\"text-align: center;\">Jean Fran\u00e7ois MAISONNEUVE<\/p><p style=\"text-align: center;\">Erwin MEULMAN<\/p><p style=\"text-align: center;\">Pierre LE METAYER<\/p><p style=\"text-align: center;\">Veronique\u00a0LE SENECHAL<\/p><p style=\"text-align: center;\">Nathalie PATEAU<\/p><p style=\"text-align: center;\">Thierry PIERRE<\/p><p style=\"text-align: center;\">Olivier RENAUD<\/p><p style=\"text-align: center;\">Catherine\u00a0TERRIEN<\/p><p style=\"text-align: center;\">Kathleen VILLENEUVE<\/p>\t\t\t\t\t\t\t\t<\/div>\n\t\t\t\t<\/div>\n\t\t\t\t\t<\/div>\n\t\t<\/div>\n\t\t\t\t\t<\/div>\n\t\t<\/section>\n\t\t\t\t<section class=\"elementor-section elementor-top-section elementor-element elementor-element-ff41cdd elementor-section-boxed elementor-section-height-default elementor-section-height-default\" data-id=\"ff41cdd\" data-element_type=\"section\" data-e-type=\"section\">\n\t\t\t\t\t\t<div class=\"elementor-container elementor-column-gap-default\">\n\t\t\t\t\t<div class=\"elementor-column elementor-col-100 elementor-top-column elementor-element elementor-element-77d75ac\" data-id=\"77d75ac\" data-element_type=\"column\" data-e-type=\"column\">\n\t\t\t<div class=\"elementor-widget-wrap elementor-element-populated\">\n\t\t\t\t\t\t<div class=\"elementor-element elementor-element-95f3bb3 elementor-widget elementor-widget-spacer\" data-id=\"95f3bb3\" data-element_type=\"widget\" data-e-type=\"widget\" data-widget_type=\"spacer.default\">\n\t\t\t\t<div class=\"elementor-widget-container\">\n\t\t\t\t\t\t\t<div class=\"elementor-spacer\">\n\t\t\t<div class=\"elementor-spacer-inner\"><\/div>\n\t\t<\/div>\n\t\t\t\t\t\t<\/div>\n\t\t\t\t<\/div>\n\t\t\t\t\t<\/div>\n\t\t<\/div>\n\t\t\t\t\t<\/div>\n\t\t<\/section>\n\t\t\t\t<section class=\"elementor-section elementor-top-section elementor-element elementor-element-0868a93 elementor-section-boxed elementor-section-height-default elementor-section-height-default\" data-id=\"0868a93\" data-element_type=\"section\" data-e-type=\"section\">\n\t\t\t\t\t\t<div class=\"elementor-container elementor-column-gap-default\">\n\t\t\t\t\t<div class=\"elementor-column elementor-col-100 elementor-top-column elementor-element elementor-element-81858d7\" data-id=\"81858d7\" data-element_type=\"column\" data-e-type=\"column\">\n\t\t\t<div class=\"elementor-widget-wrap elementor-element-populated\">\n\t\t\t\t\t\t<div class=\"elementor-element elementor-element-57e8b7c elementor-widget elementor-widget-heading\" data-id=\"57e8b7c\" data-element_type=\"widget\" data-e-type=\"widget\" data-widget_type=\"heading.default\">\n\t\t\t\t<div class=\"elementor-widget-container\">\n\t\t\t\t\t<h4 class=\"elementor-heading-title elementor-size-default\">Partenaires<\/h4>\t\t\t\t<\/div>\n\t\t\t\t<\/div>\n\t\t\t\t<div class=\"elementor-element elementor-element-5d1f02b elementor-widget__width-initial elementor-widget elementor-widget-image\" data-id=\"5d1f02b\" data-element_type=\"widget\" data-e-type=\"widget\" data-widget_type=\"image.default\">\n\t\t\t\t<div class=\"elementor-widget-container\">\n\t\t\t\t\t\t\t\t\t\t\t\t<figure class=\"wp-caption\">\n\t\t\t\t\t\t\t\t\t\t<img fetchpriority=\"high\" decoding=\"async\" width=\"1024\" height=\"724\" src=\"https:\/\/echosdescene.fr\/wp-content\/uploads\/2024\/09\/logo_MAIRIE-SAUTRON_-quadri-1024x724.jpg\" class=\"attachment-large size-large wp-image-1114\" alt=\"\" srcset=\"https:\/\/echosdescene.fr\/wp-content\/uploads\/2024\/09\/logo_MAIRIE-SAUTRON_-quadri-1024x724.jpg 1024w, https:\/\/echosdescene.fr\/wp-content\/uploads\/2024\/09\/logo_MAIRIE-SAUTRON_-quadri-300x212.jpg 300w, https:\/\/echosdescene.fr\/wp-content\/uploads\/2024\/09\/logo_MAIRIE-SAUTRON_-quadri-768x543.jpg 768w, https:\/\/echosdescene.fr\/wp-content\/uploads\/2024\/09\/logo_MAIRIE-SAUTRON_-quadri-1536x1086.jpg 1536w, https:\/\/echosdescene.fr\/wp-content\/uploads\/2024\/09\/logo_MAIRIE-SAUTRON_-quadri-2048x1448.jpg 2048w\" sizes=\"(max-width: 1024px) 100vw, 1024px\" \/>\t\t\t\t\t\t\t\t\t\t\t<figcaption class=\"widget-image-caption wp-caption-text\">Mairie de Sautron<\/figcaption>\n\t\t\t\t\t\t\t\t\t\t<\/figure>\n\t\t\t\t\t\t\t\t\t<\/div>\n\t\t\t\t<\/div>\n\t\t\t\t\t<\/div>\n\t\t<\/div>\n\t\t\t\t\t<\/div>\n\t\t<\/section>\n\t\t\t\t<section class=\"elementor-section elementor-top-section elementor-element elementor-element-2bc561d elementor-section-boxed elementor-section-height-default elementor-section-height-default\" data-id=\"2bc561d\" data-element_type=\"section\" data-e-type=\"section\">\n\t\t\t\t\t\t<div class=\"elementor-container elementor-column-gap-default\">\n\t\t\t\t\t<div class=\"elementor-column elementor-col-100 elementor-top-column elementor-element elementor-element-36fac59\" data-id=\"36fac59\" data-element_type=\"column\" data-e-type=\"column\">\n\t\t\t<div class=\"elementor-widget-wrap elementor-element-populated\">\n\t\t\t\t\t\t<div class=\"elementor-element elementor-element-4e82c1d elementor-widget elementor-widget-spacer\" data-id=\"4e82c1d\" data-element_type=\"widget\" data-e-type=\"widget\" data-widget_type=\"spacer.default\">\n\t\t\t\t<div class=\"elementor-widget-container\">\n\t\t\t\t\t\t\t<div class=\"elementor-spacer\">\n\t\t\t<div class=\"elementor-spacer-inner\"><\/div>\n\t\t<\/div>\n\t\t\t\t\t\t<\/div>\n\t\t\t\t<\/div>\n\t\t\t\t\t<\/div>\n\t\t<\/div>\n\t\t\t\t\t<\/div>\n\t\t<\/section>\n\t\t\t\t<\/div>\n\t\t","protected":false},"excerpt":{"rendered":"<p>Amis de la troupe Donateurs bien-aim\u00e9s Christian ALLANIC Harmonie\u00a0BLASI Claire BULTEAU Lo\u00efc CHAILLOU Marta DA COSTA Emilie DE OLIVEIRA Aline DUFOUR Jean-Claude DUVAL Stephanie\u00a0ESNARD Valerie FOURNIER Bruno FRADET C\u00e9line GALLICHER Maryl\u00e8ne GLEMIN Ludivine GU\u00c9NARD Solange HEBRARD Cort JAVIER Edith et Marcel\u00a0LEDOUX Elisabeth LE GALL Pierre LE GUIFF Jean Fran\u00e7ois MAISONNEUVE Erwin MEULMAN Pierre LE METAYER [&hellip;]<\/p>\n","protected":false},"author":1,"featured_media":0,"parent":0,"menu_order":0,"comment_status":"closed","ping_status":"closed","template":"","meta":{"iawp_total_views":434,"footnotes":""},"class_list":["post-1106","page","type-page","status-publish","hentry","entry"],"yoast_head":"<!-- This site is optimized with the Yoast SEO plugin v27.0 - https:\/\/yoast.com\/product\/yoast-seo-wordpress\/ -->\n<title>Amis de la troupe - Echos de Sc\u00e8ne<\/title>\n<meta name=\"description\" content=\"Un grand merci \u00e0 tous nos donateurs bienaim\u00e9s et \u00e0 nos partenaires pour leur soutien et leur g\u00e9n\u00e9rosit\u00e9 !\" \/>\n<meta name=\"robots\" content=\"index, follow, max-snippet:-1, max-image-preview:large, max-video-preview:-1\" \/>\n<link rel=\"canonical\" href=\"https:\/\/echosdescene.fr\/index.php\/amis-de-la-troupe\/\" \/>\n<meta property=\"og:locale\" content=\"fr_FR\" \/>\n<meta property=\"og:type\" content=\"article\" \/>\n<meta property=\"og:title\" content=\"Amis de la troupe - Echos de Sc\u00e8ne\" \/>\n<meta property=\"og:description\" content=\"Un grand merci \u00e0 tous nos donateurs bienaim\u00e9s et \u00e0 nos partenaires pour leur soutien et leur g\u00e9n\u00e9rosit\u00e9 !\" \/>\n<meta property=\"og:url\" content=\"https:\/\/echosdescene.fr\/index.php\/amis-de-la-troupe\/\" \/>\n<meta property=\"og:site_name\" content=\"Echos de Sc\u00e8ne\" \/>\n<meta property=\"article:publisher\" content=\"https:\/\/www.facebook.com\/EchosDeScene\/\" \/>\n<meta property=\"article:modified_time\" content=\"2025-02-23T18:34:33+00:00\" \/>\n<meta property=\"og:image\" content=\"https:\/\/echosdescene.fr\/wp-content\/uploads\/2024\/09\/logo_MAIRIE-SAUTRON_-quadri-scaled.jpg\" \/>\n\t<meta property=\"og:image:width\" content=\"2560\" \/>\n\t<meta property=\"og:image:height\" content=\"1810\" \/>\n\t<meta property=\"og:image:type\" content=\"image\/jpeg\" \/>\n<meta name=\"twitter:card\" content=\"summary_large_image\" \/>\n<meta name=\"twitter:label1\" content=\"Dur\u00e9e de lecture estim\u00e9e\" \/>\n\t<meta name=\"twitter:data1\" content=\"1 minute\" \/>\n<script type=\"application\/ld+json\" class=\"yoast-schema-graph\">{\"@context\":\"https:\/\/schema.org\",\"@graph\":[{\"@type\":\"WebPage\",\"@id\":\"https:\/\/echosdescene.fr\/index.php\/amis-de-la-troupe\/\",\"url\":\"https:\/\/echosdescene.fr\/index.php\/amis-de-la-troupe\/\",\"name\":\"Amis de la troupe - Echos de Sc\u00e8ne\",\"isPartOf\":{\"@id\":\"https:\/\/echosdescene.fr\/#website\"},\"primaryImageOfPage\":{\"@id\":\"https:\/\/echosdescene.fr\/index.php\/amis-de-la-troupe\/#primaryimage\"},\"image\":{\"@id\":\"https:\/\/echosdescene.fr\/index.php\/amis-de-la-troupe\/#primaryimage\"},\"thumbnailUrl\":\"https:\/\/echosdescene.fr\/wp-content\/uploads\/2024\/09\/logo_MAIRIE-SAUTRON_-quadri-1024x724.jpg\",\"datePublished\":\"2024-09-22T07:58:17+00:00\",\"dateModified\":\"2025-02-23T18:34:33+00:00\",\"description\":\"Un grand merci \u00e0 tous nos donateurs bienaim\u00e9s et \u00e0 nos partenaires pour leur soutien et leur g\u00e9n\u00e9rosit\u00e9 !\",\"breadcrumb\":{\"@id\":\"https:\/\/echosdescene.fr\/index.php\/amis-de-la-troupe\/#breadcrumb\"},\"inLanguage\":\"fr-FR\",\"potentialAction\":[{\"@type\":\"ReadAction\",\"target\":[\"https:\/\/echosdescene.fr\/index.php\/amis-de-la-troupe\/\"]}]},{\"@type\":\"ImageObject\",\"inLanguage\":\"fr-FR\",\"@id\":\"https:\/\/echosdescene.fr\/index.php\/amis-de-la-troupe\/#primaryimage\",\"url\":\"https:\/\/echosdescene.fr\/wp-content\/uploads\/2024\/09\/logo_MAIRIE-SAUTRON_-quadri-scaled.jpg\",\"contentUrl\":\"https:\/\/echosdescene.fr\/wp-content\/uploads\/2024\/09\/logo_MAIRIE-SAUTRON_-quadri-scaled.jpg\",\"width\":2560,\"height\":1810},{\"@type\":\"BreadcrumbList\",\"@id\":\"https:\/\/echosdescene.fr\/index.php\/amis-de-la-troupe\/#breadcrumb\",\"itemListElement\":[{\"@type\":\"ListItem\",\"position\":1,\"name\":\"Accueil\",\"item\":\"https:\/\/echosdescene.fr\/\"},{\"@type\":\"ListItem\",\"position\":2,\"name\":\"Amis de la troupe\"}]},{\"@type\":\"WebSite\",\"@id\":\"https:\/\/echosdescene.fr\/#website\",\"url\":\"https:\/\/echosdescene.fr\/\",\"name\":\"Echos de Sc\u00e8ne\",\"description\":\"\",\"publisher\":{\"@id\":\"https:\/\/echosdescene.fr\/#organization\"},\"potentialAction\":[{\"@type\":\"SearchAction\",\"target\":{\"@type\":\"EntryPoint\",\"urlTemplate\":\"https:\/\/echosdescene.fr\/?s={search_term_string}\"},\"query-input\":{\"@type\":\"PropertyValueSpecification\",\"valueRequired\":true,\"valueName\":\"search_term_string\"}}],\"inLanguage\":\"fr-FR\"},{\"@type\":\"Organization\",\"@id\":\"https:\/\/echosdescene.fr\/#organization\",\"name\":\"Echos de Sc\u00e8ne\",\"url\":\"https:\/\/echosdescene.fr\/\",\"logo\":{\"@type\":\"ImageObject\",\"inLanguage\":\"fr-FR\",\"@id\":\"https:\/\/echosdescene.fr\/#\/schema\/logo\/image\/\",\"url\":\"https:\/\/echosdescene.fr\/wp-content\/uploads\/2023\/02\/cropped-Header-v2-e1704304386221.png\",\"contentUrl\":\"https:\/\/echosdescene.fr\/wp-content\/uploads\/2023\/02\/cropped-Header-v2-e1704304386221.png\",\"width\":599,\"height\":336,\"caption\":\"Echos de Sc\u00e8ne\"},\"image\":{\"@id\":\"https:\/\/echosdescene.fr\/#\/schema\/logo\/image\/\"},\"sameAs\":[\"https:\/\/www.facebook.com\/EchosDeScene\/\"]}]}<\/script>\n<!-- \/ Yoast SEO plugin. -->","yoast_head_json":{"title":"Amis de la troupe - Echos de Sc\u00e8ne","description":"Un grand merci \u00e0 tous nos donateurs bienaim\u00e9s et \u00e0 nos partenaires pour leur soutien et leur g\u00e9n\u00e9rosit\u00e9 !","robots":{"index":"index","follow":"follow","max-snippet":"max-snippet:-1","max-image-preview":"max-image-preview:large","max-video-preview":"max-video-preview:-1"},"canonical":"https:\/\/echosdescene.fr\/index.php\/amis-de-la-troupe\/","og_locale":"fr_FR","og_type":"article","og_title":"Amis de la troupe - Echos de Sc\u00e8ne","og_description":"Un grand merci \u00e0 tous nos donateurs bienaim\u00e9s et \u00e0 nos partenaires pour leur soutien et leur g\u00e9n\u00e9rosit\u00e9 !","og_url":"https:\/\/echosdescene.fr\/index.php\/amis-de-la-troupe\/","og_site_name":"Echos de Sc\u00e8ne","article_publisher":"https:\/\/www.facebook.com\/EchosDeScene\/","article_modified_time":"2025-02-23T18:34:33+00:00","og_image":[{"width":2560,"height":1810,"url":"https:\/\/echosdescene.fr\/wp-content\/uploads\/2024\/09\/logo_MAIRIE-SAUTRON_-quadri-scaled.jpg","type":"image\/jpeg"}],"twitter_card":"summary_large_image","twitter_misc":{"Dur\u00e9e de lecture estim\u00e9e":"1 minute"},"schema":{"@context":"https:\/\/schema.org","@graph":[{"@type":"WebPage","@id":"https:\/\/echosdescene.fr\/index.php\/amis-de-la-troupe\/","url":"https:\/\/echosdescene.fr\/index.php\/amis-de-la-troupe\/","name":"Amis de la troupe - Echos de Sc\u00e8ne","isPartOf":{"@id":"https:\/\/echosdescene.fr\/#website"},"primaryImageOfPage":{"@id":"https:\/\/echosdescene.fr\/index.php\/amis-de-la-troupe\/#primaryimage"},"image":{"@id":"https:\/\/echosdescene.fr\/index.php\/amis-de-la-troupe\/#primaryimage"},"thumbnailUrl":"https:\/\/echosdescene.fr\/wp-content\/uploads\/2024\/09\/logo_MAIRIE-SAUTRON_-quadri-1024x724.jpg","datePublished":"2024-09-22T07:58:17+00:00","dateModified":"2025-02-23T18:34:33+00:00","description":"Un grand merci \u00e0 tous nos donateurs bienaim\u00e9s et \u00e0 nos partenaires pour leur soutien et leur g\u00e9n\u00e9rosit\u00e9 !","breadcrumb":{"@id":"https:\/\/echosdescene.fr\/index.php\/amis-de-la-troupe\/#breadcrumb"},"inLanguage":"fr-FR","potentialAction":[{"@type":"ReadAction","target":["https:\/\/echosdescene.fr\/index.php\/amis-de-la-troupe\/"]}]},{"@type":"ImageObject","inLanguage":"fr-FR","@id":"https:\/\/echosdescene.fr\/index.php\/amis-de-la-troupe\/#primaryimage","url":"https:\/\/echosdescene.fr\/wp-content\/uploads\/2024\/09\/logo_MAIRIE-SAUTRON_-quadri-scaled.jpg","contentUrl":"https:\/\/echosdescene.fr\/wp-content\/uploads\/2024\/09\/logo_MAIRIE-SAUTRON_-quadri-scaled.jpg","width":2560,"height":1810},{"@type":"BreadcrumbList","@id":"https:\/\/echosdescene.fr\/index.php\/amis-de-la-troupe\/#breadcrumb","itemListElement":[{"@type":"ListItem","position":1,"name":"Accueil","item":"https:\/\/echosdescene.fr\/"},{"@type":"ListItem","position":2,"name":"Amis de la troupe"}]},{"@type":"WebSite","@id":"https:\/\/echosdescene.fr\/#website","url":"https:\/\/echosdescene.fr\/","name":"Echos de Sc\u00e8ne","description":"","publisher":{"@id":"https:\/\/echosdescene.fr\/#organization"},"potentialAction":[{"@type":"SearchAction","target":{"@type":"EntryPoint","urlTemplate":"https:\/\/echosdescene.fr\/?s={search_term_string}"},"query-input":{"@type":"PropertyValueSpecification","valueRequired":true,"valueName":"search_term_string"}}],"inLanguage":"fr-FR"},{"@type":"Organization","@id":"https:\/\/echosdescene.fr\/#organization","name":"Echos de Sc\u00e8ne","url":"https:\/\/echosdescene.fr\/","logo":{"@type":"ImageObject","inLanguage":"fr-FR","@id":"https:\/\/echosdescene.fr\/#\/schema\/logo\/image\/","url":"https:\/\/echosdescene.fr\/wp-content\/uploads\/2023\/02\/cropped-Header-v2-e1704304386221.png","contentUrl":"https:\/\/echosdescene.fr\/wp-content\/uploads\/2023\/02\/cropped-Header-v2-e1704304386221.png","width":599,"height":336,"caption":"Echos de Sc\u00e8ne"},"image":{"@id":"https:\/\/echosdescene.fr\/#\/schema\/logo\/image\/"},"sameAs":["https:\/\/www.facebook.com\/EchosDeScene\/"]}]}},"_links":{"self":[{"href":"https:\/\/echosdescene.fr\/index.php\/wp-json\/wp\/v2\/pages\/1106","targetHints":{"allow":["GET"]}}],"collection":[{"href":"https:\/\/echosdescene.fr\/index.php\/wp-json\/wp\/v2\/pages"}],"about":[{"href":"https:\/\/echosdescene.fr\/index.php\/wp-json\/wp\/v2\/types\/page"}],"author":[{"embeddable":true,"href":"https:\/\/echosdescene.fr\/index.php\/wp-json\/wp\/v2\/users\/1"}],"replies":[{"embeddable":true,"href":"https:\/\/echosdescene.fr\/index.php\/wp-json\/wp\/v2\/comments?post=1106"}],"version-history":[{"count":25,"href":"https:\/\/echosdescene.fr\/index.php\/wp-json\/wp\/v2\/pages\/1106\/revisions"}],"predecessor-version":[{"id":1187,"href":"https:\/\/echosdescene.fr\/index.php\/wp-json\/wp\/v2\/pages\/1106\/revisions\/1187"}],"wp:attachment":[{"href":"https:\/\/echosdescene.fr\/index.php\/wp-json\/wp\/v2\/media?parent=1106"}],"curies":[{"name":"wp","href":"https:\/\/api.w.org\/{rel}","templated":true}]}}